{"id":6,"date":"2018-10-28T18:57:26","date_gmt":"2018-10-28T18:57:26","guid":{"rendered":"http:\/\/thg-photography.de\/?page_id=6"},"modified":"2019-05-14T12:29:08","modified_gmt":"2019-05-14T12:29:08","slug":"test","status":"publish","type":"page","link":"http:\/\/thg-photography.de\/","title":{"rendered":"Herzlich willkommen!"},"content":{"rendered":"\n<p>Ich freue mich, Sie auf meiner Homepage begr\u00fc\u00dfen zu d\u00fcrfen. Der Relaunch ist gegl\u00fcckt und es werden nach und nach weitere Inhalte hinzugef\u00fcgt werden. Es lohnt sich, immer wieder mal vorbeizuschauen.<br><\/p>\n\n\n\n<p>Neu: Ab sofort habe ich eine Fotobox mit Sofortdruckoption in meinem Programm, die Sie f\u00fcr Ihr Event buchen k\u00f6nnen. Schreiben Sie mich an, dann erstelle ich gerne ein indiviuelles Angebot.<\/p>\n","protected":false},"excerpt":{"rendered":"<p>Ich freue mich, Sie auf meiner Homepage begr\u00fc\u00dfen zu d\u00fcrfen. Der Relaunch ist gegl\u00fcckt und es werden nach und nach weitere Inhalte hinzugef\u00fcgt werden. Es lohnt sich, immer wieder mal vorbeizuschauen. Neu: Ab sofort habe ich eine Fotobox mit Sofortdruckoption in meinem Programm, die Sie f\u00fcr Ihr Event buchen k\u00f6nnen. Schreiben Sie mich an, dann&hellip;<\/p>\n","protected":false},"author":1,"featured_media":0,"parent":0,"menu_order":0,"comment_status":"closed","ping_status":"closed","template":"","meta":[],"_links":{"self":[{"href":"http:\/\/thg-photography.de\/index.php?rest_route=\/wp\/v2\/pages\/6"}],"collection":[{"href":"http:\/\/thg-photography.de\/index.php?rest_route=\/wp\/v2\/pages"}],"about":[{"href":"http:\/\/thg-photography.de\/index.php?rest_route=\/wp\/v2\/types\/page"}],"author":[{"embeddable":true,"href":"http:\/\/thg-photography.de\/index.php?rest_route=\/wp\/v2\/users\/1"}],"replies":[{"embeddable":true,"href":"http:\/\/thg-photography.de\/index.php?rest_route=%2Fwp%2Fv2%2Fcomments&post=6"}],"version-history":[{"count":4,"href":"http:\/\/thg-photography.de\/index.php?rest_route=\/wp\/v2\/pages\/6\/revisions"}],"predecessor-version":[{"id":74,"href":"http:\/\/thg-photography.de\/index.php?rest_route=\/wp\/v2\/pages\/6\/revisions\/74"}],"wp:attachment":[{"href":"http:\/\/thg-photography.de\/index.php?rest_route=%2Fwp%2Fv2%2Fmedia&parent=6"}],"curies":[{"name":"wp","href":"https:\/\/api.w.org\/{rel}","templated":true}]}}